{"id":100,"date":"2015-09-17T08:49:27","date_gmt":"2015-09-17T08:49:27","guid":{"rendered":"http:\/\/israelway.com\/?page_id=100"},"modified":"2017-12-12T17:29:29","modified_gmt":"2017-12-12T17:29:29","slug":"about-us","status":"publish","type":"page","link":"https:\/\/israelway.com\/es\/about-us\/","title":{"rendered":"Nosotros"},"content":{"rendered":"<p><\/p>\n<p>Fundada en 1986, Israel Way (anteriormente conocida como Oranim) tiene m\u00e1s de 28 a\u00f1os de experiencia profesional gestionando programas en Israel. Hemos organizado m\u00e1s de 2.000 viajes para adolescentes, familias, adultos j\u00f3venes y muchas organizaciones para que vivan la experiencia de Israel en la forma que elijan. Ofrecemos programas educativos y viajes para todas las edades e intereses, pasant\u00edas, oportunidades de voluntariado, log\u00edstica y planificaci\u00f3n de eventos. Animamos la gente a que visite Israel como parte de una experiencia de aprendizaje que durar\u00e1 toda la vida. Adicionalmente, nos especializamos en viajes de turismo patrimonial a Europa. Nuestra misi\u00f3n es ofrecer una experiencia en la patria jud\u00eda que jam\u00e1s olvidar\u00e1. Lo \u00fanico que tiene que hacer es tomar la decisi\u00f3n de pasar un tiempo en Israel y nosotros nos encargaremos del resto.<\/p>\n<p>&nbsp;<\/p>\n<p>Ofrecemos todo tipo de viajes y programas, tanto largos como cortos, y para todas las edades. Le aseguramos de podemos encontrar el programa perfecto, o personalizar el viaje ideal que satisfaga todos sus deseos y se adapte a todas sus necesidades.<\/p>\n<p>&nbsp;<\/p>\n<p>Israel Way es l\u00edder en la organizaci\u00f3n de viajes educativos a Israel para clientes alrededor del mundo. En un momento dado, hemos recibido a m\u00e1s de 58.000 alumnos y hemos contado con cientos de participantes en nuestro programa. Nos enorgullecemos en ofrecer a los adolescentes, estudiantes universitarios y adultos de todo el mundo la m\u00e1s alta calidad en programas educativos experienciales hechos a la medida y viajes que incluyen seguridad y protecci\u00f3n, y un servicio de primera categor\u00eda.<\/p>\n<p>&nbsp;<\/p>\n<p>La filosof\u00eda de nuestra empresa es que la mejor forma de fortalecer la identidad jud\u00eda en las comunidades en el exterior, sostener un fuerte v\u00ednculo con Israel y conectarse con la herencia jud\u00eda es experimentar Israel de una forma educada y calculada \u2013 la forma de Israel Way.<\/p>\n<p>&nbsp;<\/p>\n<p>Conf\u00ede en nuestra experiencia. Haga que Israel sea su pr\u00f3xima parada.<\/p>\n<p><\/p>","protected":false},"excerpt":{"rendered":"<p>Fundada en 1986, Israel Way (anteriormente conocida como Oranim) tiene m\u00e1s de 28 a\u00f1os de experiencia profesional gestionando programas en Israel. Hemos organizado m\u00e1s de 2.000 viajes para adolescentes, familias, adultos j\u00f3venes y muchas organizaciones para que vivan la experiencia de Israel en la forma que elijan. Ofrecemos programas educativos y viajes para todas las [&hellip;]<\/p>\n","protected":false},"author":2,"featured_media":0,"parent":0,"menu_order":0,"comment_status":"closed","ping_status":"closed","template":"template-page-about-us.php","meta":{"_acf_changed":false,"ngg_post_thumbnail":0,"footnotes":"","_links_to":"","_links_to_target":""},"class_list":["post-100","page","type-page","status-publish","hentry"],"acf":[],"aioseo_notices":[],"_links":{"self":[{"href":"https:\/\/israelway.com\/es\/wp-json\/wp\/v2\/pages\/100","targetHints":{"allow":["GET"]}}],"collection":[{"href":"https:\/\/israelway.com\/es\/wp-json\/wp\/v2\/pages"}],"about":[{"href":"https:\/\/israelway.com\/es\/wp-json\/wp\/v2\/types\/page"}],"author":[{"embeddable":true,"href":"https:\/\/israelway.com\/es\/wp-json\/wp\/v2\/users\/2"}],"replies":[{"embeddable":true,"href":"https:\/\/israelway.com\/es\/wp-json\/wp\/v2\/comments?post=100"}],"version-history":[{"count":43,"href":"https:\/\/israelway.com\/es\/wp-json\/wp\/v2\/pages\/100\/revisions"}],"predecessor-version":[{"id":2794,"href":"https:\/\/israelway.com\/es\/wp-json\/wp\/v2\/pages\/100\/revisions\/2794"}],"wp:attachment":[{"href":"https:\/\/israelway.com\/es\/wp-json\/wp\/v2\/media?parent=100"}],"curies":[{"name":"wp","href":"https:\/\/api.w.org\/{rel}","templated":true}]}}