{"id":116,"date":"2015-09-18T07:19:12","date_gmt":"2015-09-18T07:19:12","guid":{"rendered":"http:\/\/israelway.com\/?page_id=116"},"modified":"2016-09-26T19:12:24","modified_gmt":"2016-09-26T19:12:24","slug":"safety-security","status":"publish","type":"page","link":"https:\/\/israelway.com\/es\/about-us\/safety-security\/","title":{"rendered":"Seguridad y Protecci\u00f3n"},"content":{"rendered":"<p><\/p>\n<p>En Israel Way su seguridad, protecci\u00f3n y salud son nuestra principal preocupaci\u00f3n. Sostenemos una estricta pauta de protocolos que cumple con la ley israel\u00ed. Contamos con un equipo dedicado que se mantiene en contacto permanente con las Fuerzas de Defensa de Israel, la Polic\u00eda Israel\u00ed, la Sociedad para la Protecci\u00f3n de la Naturaleza de Israel y todas las autoridades y organismos competentes &#8211; con actualizaciones en tiempo real. Monitoreamos incansablemente la situaci\u00f3n de la seguridad y los acontecimientos actuales en Israel, y reaccionamos con rapidez ante cualquier cambio importante.<\/p>\n<p>&nbsp;<\/p>\n<p>La mayor\u00eda de las personas que visitan por primera vez Israel se sorprenden por la \u201cnormalidad\u201d de la vida diaria de un pa\u00eds que est\u00e1 frecuentemente en muchos medios de comunicaci\u00f3n. Si el tema de la seguridad es un factor que evita que visite Israel, le sugerimos que hable con uno de nuestros agentes para hablar de los temas y preocupaciones importantes.<\/p>\n<p><span style=\"line-height: 1.5;\"> \u00a0<\/span><\/p>\n<p>&nbsp;<\/p>\n<h3><span style=\"color: #ff0000;\"><strong>Nos tomamos en serio las medidas de seguridad<\/strong><\/span><\/h3>\n<ul>\n<li>El acceso a los alojamientos del programa \u00fanicamente est\u00e1 permitido para aquellos que fueron autorizados por el personal de seguridad despu\u00e9s de haber pasado por un riguroso control de seguridad.<\/li>\n<li>Un m\u00e9dico certificado acompa\u00f1a cada viaje y est\u00e1 disponible las 24 horas del d\u00eda<\/li>\n<li>Una compa\u00f1\u00eda certificada de autobuses tur\u00edsticos israel\u00ed con especializaci\u00f3n en transporte de turistas, adolescentes y adultos j\u00f3venes en Israel es la que se encarga de realizar todos los viajes.<\/li>\n<li>Todos los tours se coordinan con las autoridades israel\u00edes apropiadas.<\/li>\n<li>En ning\u00fan momento ingresamos a zonas conflictivas, zonas administradas por la Autoridad Palestina o la Franja de Gaza.<\/li>\n<li>Todos los participantes de nuestros viajes llevan una tarjeta de identificaci\u00f3n con n\u00fameros de contacto en caso de emergencia. Adem\u00e1s, cada grupo est\u00e1 equipado con un tel\u00e9fono satelital.<\/li>\n<li>Tambi\u00e9n requerimos que cada miembro del personal sea investigado minuciosamente (investigaci\u00f3n por parte de la polic\u00eda para poder trabajar con ni\u00f1os) y tengan certificaci\u00f3n para la aplicaci\u00f3n de primeros auxilios o RCP.<\/li>\n<li>Nuestro personal ensaya constantemente nuestros protocolos de seguridad y protecci\u00f3n y muchos han servido en las Fuerzas de Defensa de Israel.<\/li>\n<li>Los itinerarios de nuestros programas son flexibles y son operados de tal forma que los cambios pueden hacerse r\u00e1pidamente para ser ajustados por razones de seguridad.<\/li>\n<li>Los directores de los programas reciben informaci\u00f3n m\u00e9dica sobre cada uno de los participantes, incluyendo alergias.<\/li>\n<li>Los directores de los programa est\u00e1n capacitados para alentar a los participantes constantemente para que se hidraten.<\/li>\n<\/ul>\n<p><\/p>","protected":false},"excerpt":{"rendered":"<p>En Israel Way su seguridad, protecci\u00f3n y salud son nuestra principal preocupaci\u00f3n. Sostenemos una estricta pauta de protocolos que cumple con la ley israel\u00ed. Contamos con un equipo dedicado que se mantiene en contacto permanente con las Fuerzas de Defensa de Israel, la Polic\u00eda Israel\u00ed, la Sociedad para la Protecci\u00f3n de la Naturaleza de Israel [&hellip;]<\/p>\n","protected":false},"author":2,"featured_media":0,"parent":100,"menu_order":0,"comment_status":"closed","ping_status":"closed","template":"","meta":{"_acf_changed":false,"ngg_post_thumbnail":0,"footnotes":"","_links_to":"","_links_to_target":""},"class_list":["post-116","page","type-page","status-publish","hentry"],"acf":[],"aioseo_notices":[],"_links":{"self":[{"href":"https:\/\/israelway.com\/es\/wp-json\/wp\/v2\/pages\/116","targetHints":{"allow":["GET"]}}],"collection":[{"href":"https:\/\/israelway.com\/es\/wp-json\/wp\/v2\/pages"}],"about":[{"href":"https:\/\/israelway.com\/es\/wp-json\/wp\/v2\/types\/page"}],"author":[{"embeddable":true,"href":"https:\/\/israelway.com\/es\/wp-json\/wp\/v2\/users\/2"}],"replies":[{"embeddable":true,"href":"https:\/\/israelway.com\/es\/wp-json\/wp\/v2\/comments?post=116"}],"version-history":[{"count":47,"href":"https:\/\/israelway.com\/es\/wp-json\/wp\/v2\/pages\/116\/revisions"}],"predecessor-version":[{"id":2681,"href":"https:\/\/israelway.com\/es\/wp-json\/wp\/v2\/pages\/116\/revisions\/2681"}],"up":[{"embeddable":true,"href":"https:\/\/israelway.com\/es\/wp-json\/wp\/v2\/pages\/100"}],"wp:attachment":[{"href":"https:\/\/israelway.com\/es\/wp-json\/wp\/v2\/media?parent=116"}],"curies":[{"name":"wp","href":"https:\/\/api.w.org\/{rel}","templated":true}]}}