{"id":194,"date":"2015-09-22T08:16:29","date_gmt":"2015-09-22T08:16:29","guid":{"rendered":"http:\/\/israelway.com\/?page_id=194"},"modified":"2016-09-26T19:38:05","modified_gmt":"2016-09-26T19:38:05","slug":"contact-us","status":"publish","type":"page","link":"https:\/\/israelway.com\/es\/contact-us\/","title":{"rendered":"Cont\u00e1ctenos"},"content":{"rendered":"<p><\/p>\n<h3>Ll\u00e1menos al n\u00famero gratuito<\/h3>\n<p>EE.UU.: 888-351-9897<\/p>\n<p>Canad\u00e1: 866-269-6889<\/p>\n<p>Am\u00e9rica del norte Fax: 480-275-3046<\/p>\n<p>&nbsp;<\/p>\n<h3>Israel directo<\/h3>\n<p>Tel\u00e9fono: 972-3-920-3999<\/p>\n<p>Fax: 972-9-767-4481<\/p>\n<p>&nbsp;<\/p>\n<h3>E-mail nos<\/h3>\n<p><a href=\"mailto:info@israelway.com\" target=\"_blank\">info@israelway.com<\/a><\/p>\n<p><\/p>","protected":false},"excerpt":{"rendered":"<p>Ll\u00e1menos al n\u00famero gratuito EE.UU.: 888-351-9897 Canad\u00e1: 866-269-6889 Am\u00e9rica del norte Fax: 480-275-3046 &nbsp; Israel directo Tel\u00e9fono: 972-3-920-3999 Fax: 972-9-767-4481 &nbsp; E-mail nos info@israelway.com<\/p>\n","protected":false},"author":2,"featured_media":0,"parent":0,"menu_order":0,"comment_status":"closed","ping_status":"closed","template":"template-page-contact-us.php","meta":{"_acf_changed":false,"ngg_post_thumbnail":0,"footnotes":"","_links_to":"","_links_to_target":""},"class_list":["post-194","page","type-page","status-publish","hentry"],"acf":[],"aioseo_notices":[],"_links":{"self":[{"href":"https:\/\/israelway.com\/es\/wp-json\/wp\/v2\/pages\/194","targetHints":{"allow":["GET"]}}],"collection":[{"href":"https:\/\/israelway.com\/es\/wp-json\/wp\/v2\/pages"}],"about":[{"href":"https:\/\/israelway.com\/es\/wp-json\/wp\/v2\/types\/page"}],"author":[{"embeddable":true,"href":"https:\/\/israelway.com\/es\/wp-json\/wp\/v2\/users\/2"}],"replies":[{"embeddable":true,"href":"https:\/\/israelway.com\/es\/wp-json\/wp\/v2\/comments?post=194"}],"version-history":[{"count":11,"href":"https:\/\/israelway.com\/es\/wp-json\/wp\/v2\/pages\/194\/revisions"}],"predecessor-version":[{"id":2686,"href":"https:\/\/israelway.com\/es\/wp-json\/wp\/v2\/pages\/194\/revisions\/2686"}],"wp:attachment":[{"href":"https:\/\/israelway.com\/es\/wp-json\/wp\/v2\/media?parent=194"}],"curies":[{"name":"wp","href":"https:\/\/api.w.org\/{rel}","templated":true}]}}