{"id":241,"date":"2015-09-24T10:00:04","date_gmt":"2015-09-24T10:00:04","guid":{"rendered":"http:\/\/israelway.com\/?page_id=241"},"modified":"2015-12-07T20:45:27","modified_gmt":"2015-12-07T20:45:27","slug":"partners","status":"publish","type":"page","link":"https:\/\/israelway.com\/es\/partners\/","title":{"rendered":"Socios"},"content":{"rendered":"<p><\/p>\n<p><img fetchpriority=\"high\" decoding=\"async\" class=\"aligncenter wp-image-229 size-full\" src=\"https:\/\/israelway.com\/wp-content\/uploads\/2015\/09\/parent-image.jpg\" alt=\"parent-image\" width=\"482\" height=\"127\" \/><\/p>\n<p>&nbsp;<\/p>\n<p style=\"text-align: center;\">\u00a1Israel Way anuncia con orgullo su asociaci\u00f3n con Melitz !!!<\/p>\n<p>&nbsp;<\/p>\n<p>Establecido en Jerusal\u00e9n en 1973, Melitz es un proveedor l\u00edder de servicios de educaci\u00f3n informales en Israel. Los programas Melitz se esmeran en promover la importancia de un Estado democr\u00e1tico jud\u00edo y garantizar la unidad jud\u00eda al fortalecer las conexiones hist\u00f3ricas a la tierra de Israel, el pueblo jud\u00edo, y el futuro de Israel, y al mismo tiempo crear un sentido de destino com\u00fan entre los jud\u00edos de Israel y de la Di\u00e1spora. En un mundo jud\u00edo tan diverso, los programas de Melitz hacen \u00e9nfasis en la legitimidad de las opiniones divergentes, y por lo tanto, abogan por la tolerancia y el respeto mutuo entre los jud\u00edos.<\/p>\n<p>&nbsp;<\/p>\n<p>Misi\u00f3n: Servir como plataforma para la investigaci\u00f3n transformadora y aprender sobre los retos de la identidad jud\u00eda contempor\u00e1nea, bas\u00e1ndose en la comprensi\u00f3n y el reconocimiento de la complejidad de la existencia jud\u00eda en la era de la globalizaci\u00f3n.<\/p>\n<p>&nbsp;<\/p>\n<p>Visi\u00f3n: Tener un amplio alcance mediante el desarrollo y la provisi\u00f3n de recursos educativos para el manejo de la identidad jud\u00eda, con la intenci\u00f3n de hacer relevante y significativa a la identidad jud\u00eda, celebrando el pluralismo y la diversidad, con el objetivo de fortalecer las conexiones entre los diversos elementos del pueblo jud\u00edo.<\/p>\n<p>&nbsp;<\/p>\n<p>Melitz es exclusivamente el proveedor para recursos educativos y de programaci\u00f3n de Israel Way. Esta es una asociaci\u00f3n fundada en un sentido compartido de principios, rumbos, valores, conocimientos y entendimiento mutuo de la importancia de la participaci\u00f3n de Israel, la educaci\u00f3n en el pueblo jud\u00edo e identidad jud\u00eda. Melitz provee a Israel Way con d\u00e9cadas de experiencia en educaci\u00f3n informal jud\u00eda y sionista, un equipo s\u00f3lido de educadores jud\u00edos y un modelo de educaci\u00f3n vanguardista, plural e innovador. Este es un matrimonio hecho en el cielo y estamos honrados de tener a Melitz de nuestro lado.<\/p>\n<p><\/p>","protected":false},"excerpt":{"rendered":"<p>&nbsp; \u00a1Israel Way anuncia con orgullo su asociaci\u00f3n con Melitz !!! &nbsp; Establecido en Jerusal\u00e9n en 1973, Melitz es un proveedor l\u00edder de servicios de educaci\u00f3n informales en Israel. Los programas Melitz se esmeran en promover la importancia de un Estado democr\u00e1tico jud\u00edo y garantizar la unidad jud\u00eda al fortalecer las conexiones hist\u00f3ricas a la [&hellip;]<\/p>\n","protected":false},"author":2,"featured_media":0,"parent":0,"menu_order":0,"comment_status":"closed","ping_status":"closed","template":"","meta":{"_acf_changed":false,"ngg_post_thumbnail":0,"footnotes":"","_links_to":"","_links_to_target":""},"class_list":["post-241","page","type-page","status-publish","hentry"],"acf":[],"aioseo_notices":[],"_links":{"self":[{"href":"https:\/\/israelway.com\/es\/wp-json\/wp\/v2\/pages\/241","targetHints":{"allow":["GET"]}}],"collection":[{"href":"https:\/\/israelway.com\/es\/wp-json\/wp\/v2\/pages"}],"about":[{"href":"https:\/\/israelway.com\/es\/wp-json\/wp\/v2\/types\/page"}],"author":[{"embeddable":true,"href":"https:\/\/israelway.com\/es\/wp-json\/wp\/v2\/users\/2"}],"replies":[{"embeddable":true,"href":"https:\/\/israelway.com\/es\/wp-json\/wp\/v2\/comments?post=241"}],"version-history":[{"count":23,"href":"https:\/\/israelway.com\/es\/wp-json\/wp\/v2\/pages\/241\/revisions"}],"predecessor-version":[{"id":2616,"href":"https:\/\/israelway.com\/es\/wp-json\/wp\/v2\/pages\/241\/revisions\/2616"}],"wp:attachment":[{"href":"https:\/\/israelway.com\/es\/wp-json\/wp\/v2\/media?parent=241"}],"curies":[{"name":"wp","href":"https:\/\/api.w.org\/{rel}","templated":true}]}}