{"id":100,"date":"2015-09-17T08:49:27","date_gmt":"2015-09-17T08:49:27","guid":{"rendered":"http:\/\/israelway.com\/?page_id=100"},"modified":"2017-12-12T17:29:29","modified_gmt":"2017-12-12T17:29:29","slug":"about-us","status":"publish","type":"page","link":"https:\/\/israelway.com\/fr\/about-us\/","title":{"rendered":"QUI SOMMES-NOUS"},"content":{"rendered":"<p><\/p>\n<p style=\"line-height: 18.0pt;\"><span style=\"font-size: 12.0pt; color: #333333;\">Fond\u00e9e en 1986, Israel Way\u00a0(anciennement appel\u00e9\u00a0Oranim) poss\u00e8de plus de 28 ann\u00e9es d&#8217;exp\u00e9rience professionnelle de l&#8217;ex\u00e9cution de programmes en Isra\u00ebl. Nous avons organis\u00e9 plus de 2 000 voyages pour les adolescents, les familles, les jeunes adultes et une vari\u00e9t\u00e9 d&#8217;organisations de faire l&#8217;exp\u00e9rience d&#8217;Isra\u00ebl en la mani\u00e8re qu&#8217;ils le d\u00e9sirent. Nous offrons des programmes d&#8217;\u00e9ducation et de l&#8217;ADPIC pour tous les \u00e2ges et int\u00e9r\u00eats, des stages, des possibilit\u00e9s de b\u00e9n\u00e9volat, la logistique et la planification des \u00e9v\u00e9nements. Nous encourageons des voyages en Isra\u00ebl dans le cadre d&#8217;une exp\u00e9rience d&#8217;apprentissage tout au long de la vie. En outre, nous sommes \u00e9galement sp\u00e9cialis\u00e9s dans le patrimoine des voyages \u00e0 travers l&#8217;Europe. Notre mission est de vous permettre de vivre une exp\u00e9rience dans la patrie juive que vous n&#8217;oublierez jamais. Tout ce que vous avez \u00e0 faire est de rendre la d\u00e9cision que vous voulez passer quelque temps en Isra\u00ebl et laisser le reste des d\u00e9marches jusqu&#8217;\u00e0 nous.<\/span><\/p>\n<p style=\"line-height: 18.0pt;\"><span style=\"font-size: 12.0pt; color: #333333;\">Nous vous offrons toutes sortes de voyages et programmes, long et court, et s&#8217;adressent \u00e0 tous les\u00a0\u00e2ges.\u00a0Nous assurer que nous pouvons trouver un programme parfait ou personnaliser le voyage parfait pour vous que\u00a0satisfaire\u00a0tous vos souhaits et s&#8217;adapte \u00e0 tous vos besoins.<\/span><\/p>\n<p style=\"line-height: 18.0pt;\"><span style=\"font-size: 12.0pt; color: #333333;\">Israel Way\u00a0est un chef de file dans la prestation de formation structur\u00e9 des voyages en Isra\u00ebl avec des clients provenant de tous les coins du monde. Nous avons recueilli plus de 58 000 anciens \u00e9l\u00e8ves et ont des centaines de participants sur notre programme \u00e0 un moment donn\u00e9. Nous sommes fiers de vous offrir les adolescents, \u00e9tudiants universitaires et adultes provenant de tous les coins du globe la plus haute qualit\u00e9 dans l&#8217;\u00e9ducation par l&#8217;exp\u00e9rience sur mesure de programmation et de voyages qui comprennent le service est de premier ordre, de la s\u00fbret\u00e9 et de la s\u00e9curit\u00e9.<\/span><\/p>\n<p style=\"line-height: 18.0pt;\"><span style=\"font-size: 12.0pt; color: #333333;\">La philosophie de notre soci\u00e9t\u00e9 est que la meilleure fa\u00e7on de renforcer l&#8217;identit\u00e9 juive dans les collectivit\u00e9s \u00e0 l&#8217;\u00e9tranger, d\u00e9fendre un fort lien avec Isra\u00ebl et se connecter \u00e0 votre patrimoine juif en faisant l&#8217;exp\u00e9rience d&#8217;Isra\u00ebl en\u00a0un\u00a0\u00e9duqu\u00e9s et calcul\u00e9 moyen &#8211; Israel Way.<\/span><\/p>\n<p style=\"line-height: 18.0pt;\">\u00a0<\/p>\n<p><\/p>","protected":false},"excerpt":{"rendered":"<p>Fond\u00e9e en 1986, Israel Way\u00a0(anciennement appel\u00e9\u00a0Oranim) poss\u00e8de plus de 28 ann\u00e9es d&#8217;exp\u00e9rience professionnelle de l&#8217;ex\u00e9cution de programmes en Isra\u00ebl. Nous avons organis\u00e9 plus de 2 000 voyages pour les adolescents, les familles, les jeunes adultes et une vari\u00e9t\u00e9 d&#8217;organisations de faire l&#8217;exp\u00e9rience d&#8217;Isra\u00ebl en la mani\u00e8re qu&#8217;ils le d\u00e9sirent. Nous offrons des programmes d&#8217;\u00e9ducation et [&hellip;]<\/p>\n","protected":false},"author":2,"featured_media":0,"parent":0,"menu_order":0,"comment_status":"closed","ping_status":"closed","template":"template-page-about-us.php","meta":{"_acf_changed":false,"ngg_post_thumbnail":0,"footnotes":"","_links_to":"","_links_to_target":""},"class_list":["post-100","page","type-page","status-publish","hentry"],"acf":[],"aioseo_notices":[],"_links":{"self":[{"href":"https:\/\/israelway.com\/fr\/wp-json\/wp\/v2\/pages\/100","targetHints":{"allow":["GET"]}}],"collection":[{"href":"https:\/\/israelway.com\/fr\/wp-json\/wp\/v2\/pages"}],"about":[{"href":"https:\/\/israelway.com\/fr\/wp-json\/wp\/v2\/types\/page"}],"author":[{"embeddable":true,"href":"https:\/\/israelway.com\/fr\/wp-json\/wp\/v2\/users\/2"}],"replies":[{"embeddable":true,"href":"https:\/\/israelway.com\/fr\/wp-json\/wp\/v2\/comments?post=100"}],"version-history":[{"count":43,"href":"https:\/\/israelway.com\/fr\/wp-json\/wp\/v2\/pages\/100\/revisions"}],"predecessor-version":[{"id":2794,"href":"https:\/\/israelway.com\/fr\/wp-json\/wp\/v2\/pages\/100\/revisions\/2794"}],"wp:attachment":[{"href":"https:\/\/israelway.com\/fr\/wp-json\/wp\/v2\/media?parent=100"}],"curies":[{"name":"wp","href":"https:\/\/api.w.org\/{rel}","templated":true}]}}