{"id":116,"date":"2015-09-18T07:19:12","date_gmt":"2015-09-18T07:19:12","guid":{"rendered":"http:\/\/israelway.com\/?page_id=116"},"modified":"2016-09-26T19:12:24","modified_gmt":"2016-09-26T19:12:24","slug":"safety-security","status":"publish","type":"page","link":"https:\/\/israelway.com\/fr\/about-us\/safety-security\/","title":{"rendered":"S\u00e9curit\u00e9 et S\u00fbret\u00e9"},"content":{"rendered":"<p><\/p>\n<p>\u00c0 Israel Way\u00a0votre s\u00e9curit\u00e9, s\u00fbret\u00e9 et sant\u00e9 est notre principale pr\u00e9occupation. Nous d\u00e9fendons une ligne directrice rigoureuse des protocoles c&#8217;est conform\u00e9ment \u00e0 la loi isra\u00e9lienne. Nous disposons d&#8217;une \u00e9quipe d\u00e9di\u00e9e qui est constamment en contact avec les Forces de d\u00e9fense isra\u00e9liennes, la police isra\u00e9lienne,\u00a0la\u00a0Soci\u00e9t\u00e9 pour la protection de la nature en Isra\u00ebl et toutes les autres autorit\u00e9s comp\u00e9tentes et organismes &#8211; avec des mises \u00e0 jour en temps r\u00e9el. Nous sommes constamment surveiller la situation en mati\u00e8re de s\u00e9curit\u00e9 et les \u00e9v\u00e9nements actuels en Isra\u00ebl et de r\u00e9agir rapidement \u00e0 tout changement important.<\/p>\n<p>&nbsp;<\/p>\n<p>La plupart des gens se rendent en visite en Isra\u00ebl pour la premi\u00e8re fois sont choqu\u00e9s par la &#8220;normalit\u00e9&#8221; de la vie quotidienne d&#8217;un pays qui se trouve dans une importante couverture m\u00e9diatique. Si la s\u00fbret\u00e9 et la s\u00e9curit\u00e9 sont vous emp\u00eache de visiter Isra\u00ebl nous vous conseillons de parler avec un de nos agents pour aller sur les importantes questions et pr\u00e9occupations.\u00a0<\/p>\n<p>&nbsp;<\/p>\n<h3><span style=\"color: #ff0000;\"><strong>Nous prenons nos mesures de s\u00fbret\u00e9 et de s\u00e9curit\u00e9 au s\u00e9rieux<\/strong><\/span><\/h3>\n<p>&nbsp;<\/p>\n<ul>\n<li>Acc\u00e8s dans le programme d&#8217;h\u00e9bergement n&#8217;est permise que pour ceux qui ont \u00e9t\u00e9 r\u00e9gl\u00e9s par le personnel de s\u00e9curit\u00e9 Apr\u00e8s un rigoureux contr\u00f4le de s\u00e9curit\u00e9.<\/li>\n<li>Un infirmier certifi\u00e9 est sur appel 24 heures par jour et qu&#8217;il accompagne chaque voyage.<\/li>\n<li>Une compagnie de bus tour isra\u00e9lien certifi\u00e9, sp\u00e9cialis\u00e9 dans le transport de touristes, les adolescents et les jeunes adultes en Isra\u00ebl, dirige toutes nos excursions.<\/li>\n<li>Toutes les visites sont coordonn\u00e9s avec les autorit\u00e9s isra\u00e9liennes correcte.<\/li>\n<li>\u00c0 aucun moment nous ne jamais entrer dans les zones troubl\u00e9es, r\u00e9gions g\u00e9r\u00e9es par l&#8217;Autorit\u00e9 palestinienne ou de la bande de Gaza.<\/li>\n<li>Sur les ADPIC tous les participants assument une carte d&#8217;identit\u00e9 avec num\u00e9ros de contact en cas d&#8217;urgence. Chaque groupe est \u00e9galement \u00e9quip\u00e9e d&#8217;un t\u00e9l\u00e9phone satellite.<\/li>\n<li>Nous exigeons \u00e9galement que chaque membre du personnel doit \u00eatre soigneusement s\u00e9lectionn\u00e9s (d\u00e9pistage de police pour le travail avec les enfants) et \u00eatre certifi\u00e9 Cours de secourisme ou de RCR.<\/li>\n<li>Notre personnel a \u00e9t\u00e9 r\u00e9p\u00e9t\u00e9 dans notre s\u00fbret\u00e9 et notre s\u00e9curit\u00e9, protocoles et nombreux sont ceux qui ont servi dans les Forces de d\u00e9fense isra\u00e9liennes (FDI).<\/li>\n<li>Notre programme itin\u00e9raires sont souples et sont exploit\u00e9s de mani\u00e8re \u00e0 ce que des changements peuvent \u00eatre apport\u00e9s rapidement pour tenir compte des raisons de s\u00e9curit\u00e9.<\/li>\n<li>Les directeurs de programme sont donn\u00e9s les renseignements m\u00e9dicaux concernant chaque participant, y compris les allergies.<\/li>\n<li>Les directeurs de programme sont form\u00e9s pour encourager constamment les participants pour s&#8217;hydrater.<\/li>\n<\/ul>\n<p><\/p>","protected":false},"excerpt":{"rendered":"<p>\u00c0 Israel Way\u00a0votre s\u00e9curit\u00e9, s\u00fbret\u00e9 et sant\u00e9 est notre principale pr\u00e9occupation. Nous d\u00e9fendons une ligne directrice rigoureuse des protocoles c&#8217;est conform\u00e9ment \u00e0 la loi isra\u00e9lienne. Nous disposons d&#8217;une \u00e9quipe d\u00e9di\u00e9e qui est constamment en contact avec les Forces de d\u00e9fense isra\u00e9liennes, la police isra\u00e9lienne,\u00a0la\u00a0Soci\u00e9t\u00e9 pour la protection de la nature en Isra\u00ebl et toutes les [&hellip;]<\/p>\n","protected":false},"author":2,"featured_media":0,"parent":100,"menu_order":0,"comment_status":"closed","ping_status":"closed","template":"","meta":{"_acf_changed":false,"ngg_post_thumbnail":0,"footnotes":"","_links_to":"","_links_to_target":""},"class_list":["post-116","page","type-page","status-publish","hentry"],"acf":[],"aioseo_notices":[],"_links":{"self":[{"href":"https:\/\/israelway.com\/fr\/wp-json\/wp\/v2\/pages\/116","targetHints":{"allow":["GET"]}}],"collection":[{"href":"https:\/\/israelway.com\/fr\/wp-json\/wp\/v2\/pages"}],"about":[{"href":"https:\/\/israelway.com\/fr\/wp-json\/wp\/v2\/types\/page"}],"author":[{"embeddable":true,"href":"https:\/\/israelway.com\/fr\/wp-json\/wp\/v2\/users\/2"}],"replies":[{"embeddable":true,"href":"https:\/\/israelway.com\/fr\/wp-json\/wp\/v2\/comments?post=116"}],"version-history":[{"count":47,"href":"https:\/\/israelway.com\/fr\/wp-json\/wp\/v2\/pages\/116\/revisions"}],"predecessor-version":[{"id":2681,"href":"https:\/\/israelway.com\/fr\/wp-json\/wp\/v2\/pages\/116\/revisions\/2681"}],"up":[{"embeddable":true,"href":"https:\/\/israelway.com\/fr\/wp-json\/wp\/v2\/pages\/100"}],"wp:attachment":[{"href":"https:\/\/israelway.com\/fr\/wp-json\/wp\/v2\/media?parent=116"}],"curies":[{"name":"wp","href":"https:\/\/api.w.org\/{rel}","templated":true}]}}