{"id":241,"date":"2015-09-24T10:00:04","date_gmt":"2015-09-24T10:00:04","guid":{"rendered":"http:\/\/israelway.com\/?page_id=241"},"modified":"2015-12-07T20:45:27","modified_gmt":"2015-12-07T20:45:27","slug":"partners","status":"publish","type":"page","link":"https:\/\/israelway.com\/fr\/partners\/","title":{"rendered":"Partenaires"},"content":{"rendered":"<p><\/p>\n<p><img fetchpriority=\"high\" decoding=\"async\" class=\"aligncenter wp-image-229 size-full\" src=\"https:\/\/israelway.com\/wp-content\/uploads\/2015\/09\/parent-image.jpg\" alt=\"parent-image\" width=\"482\" height=\"127\" \/><\/p>\n<p>&nbsp;<\/p>\n<p style=\"text-align: center;\">Isra\u00ebl fa\u00e7on annonce notre fier\u00a0Partenariat avec\u00a0Melitz!!!<\/p>\n<p>&nbsp;<\/p>\n<p>\u00c9tabli \u00e0 J\u00e9rusalem en 1973,\u00a0Melitz\u00a0est un important fournisseur de services d&#8217;\u00e9ducation informelle en Isra\u00ebl.\u00a0Melitz\u00a0programmes s&#8217;efforcent de promouvoir l&#8217;importance d&#8217;un \u00c9tat Juif d\u00e9mocratique et \u00e0 assurer l&#8217;unit\u00e9 juive par renforcer des liens historiques avec la terre d&#8217;Isra\u00ebl, le peuple juif et l&#8217;avenir d&#8217;Isra\u00ebl, tout en cr\u00e9ant un sentiment de communaut\u00e9 de destin entre les Isra\u00e9liens et les Juifs de Diaspora. Dans un monde juif,\u00a0Melitz diversifi\u00e9\u00a0ces programmes mettent l&#8217;accent sur la l\u00e9gitimit\u00e9 des divergences de vues ainsi pr\u00f4nant la tol\u00e9rance et le respect mutuel parmi les Juifs.<\/p>\n<p>&nbsp;<\/p>\n<p>Mission : servir de plate-forme pour l&#8217;enqu\u00eate et de l&#8217;apprentissage transformatif sur les d\u00e9fis de l&#8217;identit\u00e9 juive contemporaine, fond\u00e9e sur la compr\u00e9hension et la reconnaissance de la complexit\u00e9 de l&#8217;existence juive dans l&#8217;\u00e8re de la mondialisation.<\/p>\n<p>&nbsp;<\/p>\n<p>Vision : d&#8217;atteindre largement en \u00e9laborant et en offrant des ressources p\u00e9dagogiques pour la gestion de l&#8217;identit\u00e9 juive, avec l&#8217;intention de faire de l&#8217;identit\u00e9 juive pertinente et significative et c\u00e9l\u00e9brer le pluralisme et la diversit\u00e9, dans le but de renforcer les liens entre les divers \u00e9l\u00e9ments du peuple juif.<\/p>\n<p>&nbsp;<\/p>\n<p>Melitz\u00a0est exclusivement Isra\u00ebl moyens des ressources \u00e9ducatives et fournisseur de programmation. Il s&#8217;agit d&#8217;un partenariat fond\u00e9 sur un sentiment partag\u00e9 de directeurs d&#8217;\u00e9cole, l&#8217;orientation, les valeurs, l&#8217;expertise et une compr\u00e9hension mutuelle de l&#8217;importance de l&#8217;engagement d&#8217;Isra\u00ebl, de l&#8217;\u00e9ducation juive le peuple juif et l&#8217;identit\u00e9 juive.\u00a0Melitz\u00a0fournit \u00e0 Isra\u00ebl moyen avec des d\u00e9cennies d&#8217;exp\u00e9rience dans l&#8217;\u00e9ducation juive et sioniste informel, une solide \u00e9quipe d&#8217;\u00e9ducateurs juif et d&#8217;un mod\u00e8le d&#8217;enseignement qui est la r\u00e9flexion prospective, pluraliste et novateur. C&#8217;est un mariage de r\u00eave et nous sommes honor\u00e9s d&#8217;avoir\u00a0Melitz\u00a0de notre c\u00f4t\u00e9.<\/p>\n<p><\/p>","protected":false},"excerpt":{"rendered":"<p>&nbsp; Isra\u00ebl fa\u00e7on annonce notre fier\u00a0Partenariat avec\u00a0Melitz!!! &nbsp; \u00c9tabli \u00e0 J\u00e9rusalem en 1973,\u00a0Melitz\u00a0est un important fournisseur de services d&#8217;\u00e9ducation informelle en Isra\u00ebl.\u00a0Melitz\u00a0programmes s&#8217;efforcent de promouvoir l&#8217;importance d&#8217;un \u00c9tat Juif d\u00e9mocratique et \u00e0 assurer l&#8217;unit\u00e9 juive par renforcer des liens historiques avec la terre d&#8217;Isra\u00ebl, le peuple juif et l&#8217;avenir d&#8217;Isra\u00ebl, tout en cr\u00e9ant un sentiment [&hellip;]<\/p>\n","protected":false},"author":2,"featured_media":0,"parent":0,"menu_order":0,"comment_status":"closed","ping_status":"closed","template":"","meta":{"_acf_changed":false,"ngg_post_thumbnail":0,"footnotes":"","_links_to":"","_links_to_target":""},"class_list":["post-241","page","type-page","status-publish","hentry"],"acf":[],"aioseo_notices":[],"_links":{"self":[{"href":"https:\/\/israelway.com\/fr\/wp-json\/wp\/v2\/pages\/241","targetHints":{"allow":["GET"]}}],"collection":[{"href":"https:\/\/israelway.com\/fr\/wp-json\/wp\/v2\/pages"}],"about":[{"href":"https:\/\/israelway.com\/fr\/wp-json\/wp\/v2\/types\/page"}],"author":[{"embeddable":true,"href":"https:\/\/israelway.com\/fr\/wp-json\/wp\/v2\/users\/2"}],"replies":[{"embeddable":true,"href":"https:\/\/israelway.com\/fr\/wp-json\/wp\/v2\/comments?post=241"}],"version-history":[{"count":23,"href":"https:\/\/israelway.com\/fr\/wp-json\/wp\/v2\/pages\/241\/revisions"}],"predecessor-version":[{"id":2616,"href":"https:\/\/israelway.com\/fr\/wp-json\/wp\/v2\/pages\/241\/revisions\/2616"}],"wp:attachment":[{"href":"https:\/\/israelway.com\/fr\/wp-json\/wp\/v2\/media?parent=241"}],"curies":[{"name":"wp","href":"https:\/\/api.w.org\/{rel}","templated":true}]}}